{"id":84,"date":"2018-02-05T06:36:01","date_gmt":"2018-02-05T06:36:01","guid":{"rendered":"http:\/\/www.ruizdiaz.com.mx\/site\/diazparra\/?page_id=84"},"modified":"2018-11-08T04:29:27","modified_gmt":"2018-11-08T04:29:27","slug":"sbrplib","status":"publish","type":"page","link":"http:\/\/www.ruizdiaz.com.mx\/site\/diazparra\/?page_id=84","title":{"rendered":"SBRPLIB"},"content":{"rendered":"<div class=\"sf_pagetitle\">\n<div>\n<h1>SBRPLIB<\/h1>\n<\/div>\n<\/div>\n<div class=\"sf_extra6\"><\/div>\n<div class=\"sf_extra11\"><\/div>\n<div class=\"sf_content\">\n<div>\n<div id=\"content1\">\n<div>\n<div>\n<p><b>School Bus Routing Problem Library-SBRPLIB<\/b><\/p>\n<div>\n<p>The School Bus Routing Problem Library-SBRPLIB is a depository of test instances of the School Bus Routing Problem. The depository of instances can be downloaded for others researchers for experimentation.<\/p>\n<p><i>Please cite this depository: Ocotl\u00e1n D\u00edaz-Parra, Jorge A. Ruiz-Vanoye, Jos\u00e9 C. Zavala-D\u00edaz. School Bus Routing Problem Library-SBRPLIB. International Journal of Combinatorial Optimization Problems and Informatics, Vol. 2, No. 1 (2011) pp. 23-26.<\/i><\/p>\n<p>The School Bus Routing Problem or SBRP is a significant problem in the management of school bus fleet for the transportation of students, each student must be assigned to a particular bus which must be routed in a efficient manner so as to pick up (or return home) each of these students.<\/p>\n<\/div>\n<div>Table 1. SBRP instances<\/div>\n<table class=\"Table-1\" border=\"1\" width=\"524\" cellspacing=\"1\" cellpadding=\"1\">\n<tbody>\n<tr class=\"telerik-reTableHeaderRow-1\">\n<td class=\"telerik-reTableHeaderFirstCol-1\" align=\"center\">\u00a0NS<\/td>\n<td class=\"telerik-reTableHeaderOddCol-1\" align=\"center\">SS<\/td>\n<td class=\"telerik-reTableHeaderEvenCol-1\" align=\"center\">PS<\/td>\n<td class=\"telerik-reTableHeaderOddCol-1\" align=\"center\">\u00a0ML<\/td>\n<td class=\"telerik-reTableHeaderEvenCol-1\" align=\"center\">SEE<\/td>\n<td class=\"telerik-reTableHeaderOddCol-1\" align=\"center\">F<\/td>\n<td class=\"telerik-reTableHeaderEvenCol-1\" align=\"center\">\u00a0VN<\/td>\n<td class=\"telerik-reTableHeaderLastCol-1\" align=\"center\">\u00a0VC<\/td>\n<\/tr>\n<tr class=\"telerik-reTableOddRow-1\">\n<td class=\"telerik-reTableFirstCol-1\" align=\"center\">\u00a0BS<\/td>\n<td class=\"telerik-reTableOddCol-1\" align=\"center\">XCO<\/td>\n<td class=\"telerik-reTableEvenCol-1\" align=\"center\">\u00a0YCO<\/td>\n<td class=\"telerik-reTableOddCol-1\" align=\"center\">SN<\/td>\n<td class=\"telerik-reTableEvenCol-1\" align=\"center\">\u00a0EPT<\/td>\n<td class=\"telerik-reTableOddCol-1\" align=\"center\">\u00a0DPT<\/td>\n<td class=\"telerik-reTableEvenCol-1\" align=\"center\">MRT<\/td>\n<td class=\"telerik-reTableLastCol-1\" align=\"center\">MWT<\/td>\n<\/tr>\n<tr class=\"telerik-reTableEvenRow-1\">\n<td class=\"telerik-reTableFirstCol-1\" align=\"center\">\u00a00<\/td>\n<td class=\"telerik-reTableOddCol-1\" align=\"center\">\u00a0x<sub>0<\/sub><\/td>\n<td class=\"telerik-reTableEvenCol-1\" align=\"center\">Y<sub>0<\/sub><\/td>\n<td class=\"telerik-reTableOddCol-1\" align=\"center\">\u00a0SN<sub>0<\/sub><\/td>\n<td class=\"telerik-reTableEvenCol-1\" align=\"center\">\u00a0EPT<sub>0<\/sub><\/td>\n<td class=\"telerik-reTableOddCol-1\" align=\"center\">\u00a0DPT<sub>0<\/sub><\/td>\n<td class=\"telerik-reTableEvenCol-1\" align=\"center\">\u00a0MRT<sub>0<\/sub><\/td>\n<td class=\"telerik-reTableLastCol-1\" align=\"center\">MWT<sub>0<\/sub><\/td>\n<\/tr>\n<tr class=\"telerik-reTableOddRow-1\">\n<td class=\"telerik-reTableFirstCol-1\" align=\"center\">&#8230;<\/td>\n<td class=\"telerik-reTableOddCol-1\" align=\"center\">&#8230;<\/td>\n<td class=\"telerik-reTableEvenCol-1\" align=\"center\">&#8230;<\/td>\n<td class=\"telerik-reTableOddCol-1\" align=\"center\">&#8230;<\/td>\n<td class=\"telerik-reTableEvenCol-1\" align=\"center\">&#8230;<\/td>\n<td class=\"telerik-reTableOddCol-1\" align=\"center\">&#8230;<\/td>\n<td class=\"telerik-reTableEvenCol-1\" align=\"center\">&#8230;<\/td>\n<td class=\"telerik-reTableLastCol-1\" align=\"center\">&#8230;<\/td>\n<\/tr>\n<tr class=\"telerik-reTableFooterRow-1\">\n<td class=\"telerik-reTableFooterFirstCol-1\" align=\"center\">n<\/td>\n<td class=\"telerik-reTableFooterOddCol-1\" align=\"center\">\u00a0x<sub>n<\/sub><\/td>\n<td class=\"telerik-reTableFooterEvenCol-1\" align=\"center\">\u00a0Y<sub>n<\/sub><\/td>\n<td class=\"telerik-reTableFooterOddCol-1\" align=\"center\">\u00a0SN<sub>n<\/sub><\/td>\n<td class=\"telerik-reTableFooterEvenCol-1\" align=\"center\">\u00a0EPT<sub>n<\/sub><\/td>\n<td class=\"telerik-reTableFooterOddCol-1\" align=\"center\">\u00a0DPT<sub>n<\/sub><\/td>\n<td class=\"telerik-reTableFooterEvenCol-1\" align=\"center\">\u00a0MRT<sub>n<\/sub><\/td>\n<td class=\"telerik-reTableFooterLastCol-1\" align=\"center\">\u00a0MWT<sub>n<\/sub><\/td>\n<\/tr>\n<\/tbody>\n<\/table>\n<div>\n<p>Where NS: Number of School (single or multiple), SS: Surroundings of Service (urban or rural), PS: Problem scope (morning, afternoon, both), ML: Mixed Load (allowed or no allowed), SEE: special-educations students (considered or not considered), F: Fleet mix (homogeneous fleet or heterogeneous fleet), VN: Vehicle Number, VC: Vehicle Capacity, STWb: School Time Windows Begin,\u00a0 SWTdue: School Time Windows Due, BS: Bus Stop, XCO: X Coord., YCO: Y Coord., SN: Student Number, MRT: Maximum Riding time, EPT: earliest pick-up time, DPT: Due pick-up time, MWT: Maximum Walking Time or distance.<\/p>\n<p>We generated 24 instance set for the School Bus Routing Problem (Table 2). Where NS: Number of School, SS: Surroundings of Service, PS: Problem scope, F: Fleet mix. The urban means routes inside the city, rural means routes outside the city, morning means 7:00-9:00, afternoon means 13:00-16:00, both means morning and afternoon, homogeneous fleet is the vehicle capacity equal in all the fleet, heterogeneous is the vehicle capacity different in all the fleet.<\/p>\n<p>We plan to continuously extend the library with characteristics similar to the ones already presented. The extension depends on the progress made in the development of (meta) heuristic and exact procedures to the School Bus Routing Problem.<\/p>\n<\/div>\n<p><b>Acknowledgements<\/b><\/p>\n<div>\n<p>The author UAEMOR-PTC-231 would like to thank the support to SEP-PROMEP (Mexico) through grant PROMEP\/103.5\/10\/4453.<\/p>\n<p>This site is under construction. The instances will be downloading.<\/p>\n<\/div>\n<div>Table 2. SBRP instances sets.<\/div>\n<table class=\"Table-1\" border=\"1\" width=\"526\" cellspacing=\"1\" cellpadding=\"1\">\n<tbody>\n<tr class=\"telerik-reTableHeaderRow-1\">\n<td class=\"telerik-reTableHeaderFirstCol-1\" align=\"center\">Instance<br \/>\nset<\/td>\n<td class=\"telerik-reTableHeaderOddCol-1\" align=\"center\">NS<\/td>\n<td class=\"telerik-reTableHeaderEvenCol-1\" align=\"center\">SS<\/td>\n<td class=\"telerik-reTableHeaderOddCol-1\" align=\"center\">\u00a0PS<\/td>\n<td class=\"telerik-reTableHeaderEvenCol-1\" align=\"center\">\u00a0F<\/td>\n<td class=\"telerik-reTableHeaderLastCol-1\" align=\"center\">I<\/td>\n<\/tr>\n<tr class=\"telerik-reTableOddRow-1\">\n<td class=\"telerik-reTableFirstCol-1\" align=\"center\">\u00a0S1<\/td>\n<td class=\"telerik-reTableOddCol-1\" align=\"center\">\u00a01<\/td>\n<td class=\"telerik-reTableEvenCol-1\" align=\"center\">Urban<\/td>\n<td class=\"telerik-reTableOddCol-1\" align=\"center\">\u00a0Morning<\/td>\n<td class=\"telerik-reTableEvenCol-1\" align=\"center\">Homogeneous<\/td>\n<td class=\"telerik-reTableLastCol-1\" align=\"center\"><a href=\"http:\/\/cid-1381effad4a3b921.office.live.com\/self.aspx\/SBRPLIB\/SBRPLIB-S1.zip\" target=\"_blank\" rel=\"noopener\" shape=\"rect\">50<\/a><\/td>\n<\/tr>\n<tr class=\"telerik-reTableEvenRow-1\">\n<td class=\"telerik-reTableFirstCol-1\" align=\"center\">\u00a0S2<\/td>\n<td class=\"telerik-reTableOddCol-1\" align=\"center\">\u00a01<\/td>\n<td class=\"telerik-reTableEvenCol-1\" align=\"center\">Urban<\/td>\n<td class=\"telerik-reTableOddCol-1\" align=\"center\">Morning<\/td>\n<td class=\"telerik-reTableEvenCol-1\" align=\"center\">Heterogeneous<\/td>\n<td class=\"telerik-reTableLastCol-1\" align=\"center\">\u00a050<\/td>\n<\/tr>\n<tr class=\"telerik-reTableOddRow-1\">\n<td class=\"telerik-reTableFirstCol-1\" align=\"center\">\u00a0S3<\/td>\n<td class=\"telerik-reTableOddCol-1\" align=\"center\">\u00a01<\/td>\n<td class=\"telerik-reTableEvenCol-1\" align=\"center\">\u00a0Urban<\/td>\n<td class=\"telerik-reTableOddCol-1\" align=\"center\">Afternoon<\/td>\n<td class=\"telerik-reTableEvenCol-1\" align=\"center\">\u00a0Homogeneous<\/td>\n<td class=\"telerik-reTableLastCol-1\" align=\"center\"><a href=\"http:\/\/cid-1381effad4a3b921.office.live.com\/self.aspx\/SBRPLIB\/SBRPLIB-S3.rar\" shape=\"rect\">50<\/a><\/td>\n<\/tr>\n<tr class=\"telerik-reTableEvenRow-1\">\n<td class=\"telerik-reTableFirstCol-1\" align=\"center\">\u00a0S4<\/td>\n<td class=\"telerik-reTableOddCol-1\" align=\"center\">\u00a01<\/td>\n<td class=\"telerik-reTableEvenCol-1\" align=\"center\">\u00a0Urban<\/td>\n<td class=\"telerik-reTableOddCol-1\" align=\"center\">\u00a0Afternoon<\/td>\n<td class=\"telerik-reTableEvenCol-1\" align=\"center\">\u00a0Heterogeneous<\/td>\n<td class=\"telerik-reTableLastCol-1\" align=\"center\">\u00a050<\/td>\n<\/tr>\n<tr class=\"telerik-reTableOddRow-1\">\n<td class=\"telerik-reTableFirstCol-1\" align=\"center\">\u00a0S5<\/td>\n<td class=\"telerik-reTableOddCol-1\" align=\"center\">\u00a01<\/td>\n<td class=\"telerik-reTableEvenCol-1\" align=\"center\">\u00a0Urban<\/td>\n<td class=\"telerik-reTableOddCol-1\" align=\"center\">\u00a0Both<\/td>\n<td class=\"telerik-reTableEvenCol-1\" align=\"center\">\u00a0Homogeneous<\/td>\n<td class=\"telerik-reTableLastCol-1\" align=\"center\">\u00a050<\/td>\n<\/tr>\n<tr class=\"telerik-reTableEvenRow-1\">\n<td class=\"telerik-reTableFirstCol-1\" align=\"center\">\u00a0S6<\/td>\n<td class=\"telerik-reTableOddCol-1\" align=\"center\">\u00a01<\/td>\n<td class=\"telerik-reTableEvenCol-1\" align=\"center\">\u00a0Urban<\/td>\n<td class=\"telerik-reTableOddCol-1\" align=\"center\">\u00a0Both<\/td>\n<td class=\"telerik-reTableEvenCol-1\" align=\"center\">\u00a0Heterogeneous<\/td>\n<td class=\"telerik-reTableLastCol-1\" align=\"center\">\u00a050<\/td>\n<\/tr>\n<tr class=\"telerik-reTableOddRow-1\">\n<td class=\"telerik-reTableFirstCol-1\" align=\"center\">\u00a0S7<\/td>\n<td class=\"telerik-reTableOddCol-1\" align=\"center\">\u00a01<\/td>\n<td class=\"telerik-reTableEvenCol-1\" align=\"center\">\u00a0Rural<\/td>\n<td class=\"telerik-reTableOddCol-1\" align=\"center\">\u00a0Morning<\/td>\n<td class=\"telerik-reTableEvenCol-1\" align=\"center\">\u00a0Homogeneous<\/td>\n<td class=\"telerik-reTableLastCol-1\" align=\"center\">\u00a050<\/td>\n<\/tr>\n<tr class=\"telerik-reTableEvenRow-1\">\n<td class=\"telerik-reTableFirstCol-1\" align=\"center\">\u00a0S8<\/td>\n<td class=\"telerik-reTableOddCol-1\" align=\"center\">\u00a01<\/td>\n<td class=\"telerik-reTableEvenCol-1\" align=\"center\">Rural<\/td>\n<td class=\"telerik-reTableOddCol-1\" align=\"center\">\u00a0Morning<\/td>\n<td class=\"telerik-reTableEvenCol-1\" align=\"center\">\u00a0Heterogeneous<\/td>\n<td class=\"telerik-reTableLastCol-1\" align=\"center\">\u00a050<\/td>\n<\/tr>\n<tr class=\"telerik-reTableOddRow-1\">\n<td class=\"telerik-reTableFirstCol-1\" align=\"center\">\u00a0S9<\/td>\n<td class=\"telerik-reTableOddCol-1\" align=\"center\">\u00a01<\/td>\n<td class=\"telerik-reTableEvenCol-1\" align=\"center\">\u00a0Rural<\/td>\n<td class=\"telerik-reTableOddCol-1\" align=\"center\">\u00a0Afternoon<\/td>\n<td class=\"telerik-reTableEvenCol-1\" align=\"center\">\u00a0Homogeneous<\/td>\n<td class=\"telerik-reTableLastCol-1\" align=\"center\">\u00a050<\/td>\n<\/tr>\n<tr class=\"telerik-reTableEvenRow-1\">\n<td class=\"telerik-reTableFirstCol-1\" align=\"center\">\u00a0S10<\/td>\n<td class=\"telerik-reTableOddCol-1\" align=\"center\">\u00a01<\/td>\n<td class=\"telerik-reTableEvenCol-1\" align=\"center\">\u00a0Rural<\/td>\n<td class=\"telerik-reTableOddCol-1\" align=\"center\">\u00a0Afternoon<\/td>\n<td class=\"telerik-reTableEvenCol-1\" align=\"center\">\u00a0Heterogeneous<\/td>\n<td class=\"telerik-reTableLastCol-1\" align=\"center\">\u00a050<\/td>\n<\/tr>\n<tr class=\"telerik-reTableOddRow-1\">\n<td class=\"telerik-reTableFirstCol-1\" align=\"center\">\u00a0S11<\/td>\n<td class=\"telerik-reTableOddCol-1\" align=\"center\">\u00a01<\/td>\n<td class=\"telerik-reTableEvenCol-1\" align=\"center\">\u00a0Rural<\/td>\n<td class=\"telerik-reTableOddCol-1\" align=\"center\">Both<\/td>\n<td class=\"telerik-reTableEvenCol-1\" align=\"center\">\u00a0Homogeneous<\/td>\n<td class=\"telerik-reTableLastCol-1\" align=\"center\">\u00a050<\/td>\n<\/tr>\n<tr class=\"telerik-reTableEvenRow-1\">\n<td class=\"telerik-reTableFirstCol-1\" align=\"center\">\u00a0S12<\/td>\n<td class=\"telerik-reTableOddCol-1\" align=\"center\">\u00a01<\/td>\n<td class=\"telerik-reTableEvenCol-1\" align=\"center\">Rural<\/td>\n<td class=\"telerik-reTableOddCol-1\" align=\"center\">\u00a0Both<\/td>\n<td class=\"telerik-reTableEvenCol-1\" align=\"center\">\u00a0Heterogeneous<\/td>\n<td class=\"telerik-reTableLastCol-1\" align=\"center\">\u00a050<\/td>\n<\/tr>\n<tr class=\"telerik-reTableEvenRow-1\">\n<td class=\"telerik-reTableFirstCol-1\" align=\"center\">\u00a0M1<\/td>\n<td class=\"telerik-reTableOddCol-1\" align=\"center\">\u00a02-700<\/td>\n<td class=\"telerik-reTableEvenCol-1\" align=\"center\">\u00a0Urban<\/td>\n<td class=\"telerik-reTableOddCol-1\" align=\"center\">Morning<\/td>\n<td class=\"telerik-reTableEvenCol-1\" align=\"center\">\u00a0Homogeneous<\/td>\n<td class=\"telerik-reTableLastCol-1\" align=\"center\">\u00a050<\/td>\n<\/tr>\n<tr class=\"telerik-reTableEvenRow-1\">\n<td class=\"telerik-reTableFirstCol-1\" align=\"center\">\u00a0M2<\/td>\n<td class=\"telerik-reTableOddCol-1\" align=\"center\">2-700<\/td>\n<td class=\"telerik-reTableEvenCol-1\" align=\"center\">Urban<\/td>\n<td class=\"telerik-reTableOddCol-1\" align=\"center\">Morning<\/td>\n<td class=\"telerik-reTableEvenCol-1\" align=\"center\">\u00a0Heterogeneous<\/td>\n<td class=\"telerik-reTableLastCol-1\" align=\"center\">50<\/td>\n<\/tr>\n<tr class=\"telerik-reTableEvenRow-1\">\n<td class=\"telerik-reTableFirstCol-1\" align=\"center\">\u00a0M3<\/td>\n<td class=\"telerik-reTableOddCol-1\" align=\"center\">\u00a02-700<\/td>\n<td class=\"telerik-reTableEvenCol-1\" align=\"center\">\u00a0Urban<\/td>\n<td class=\"telerik-reTableOddCol-1\" align=\"center\">\u00a0Afternoon<\/td>\n<td class=\"telerik-reTableEvenCol-1\" align=\"center\">\u00a0Homogeneous<\/td>\n<td class=\"telerik-reTableLastCol-1\" align=\"center\">\u00a050<\/td>\n<\/tr>\n<tr class=\"telerik-reTableEvenRow-1\">\n<td class=\"telerik-reTableFirstCol-1\" align=\"center\">\u00a0M4<\/td>\n<td class=\"telerik-reTableOddCol-1\" align=\"center\">\u00a02-700<\/td>\n<td class=\"telerik-reTableEvenCol-1\" align=\"center\">\u00a0Urban<\/td>\n<td class=\"telerik-reTableOddCol-1\" align=\"center\">\u00a0Afternoon<\/td>\n<td class=\"telerik-reTableEvenCol-1\" align=\"center\">\u00a0Heterogeneous<\/td>\n<td class=\"telerik-reTableLastCol-1\" align=\"center\">\u00a050<\/td>\n<\/tr>\n<tr class=\"telerik-reTableEvenRow-1\">\n<td class=\"telerik-reTableFirstCol-1\" align=\"center\">\u00a0M5<\/td>\n<td class=\"telerik-reTableOddCol-1\" align=\"center\">\u00a02-700<\/td>\n<td class=\"telerik-reTableEvenCol-1\" align=\"center\">\u00a0Urban<\/td>\n<td class=\"telerik-reTableOddCol-1\" align=\"center\">\u00a0Both<\/td>\n<td class=\"telerik-reTableEvenCol-1\" align=\"center\">\u00a0Homogeneous<\/td>\n<td class=\"telerik-reTableLastCol-1\" align=\"center\">\u00a050<\/td>\n<\/tr>\n<tr class=\"telerik-reTableEvenRow-1\">\n<td class=\"telerik-reTableFirstCol-1\" align=\"center\">\u00a0M6<\/td>\n<td class=\"telerik-reTableOddCol-1\" align=\"center\">\u00a02-700<\/td>\n<td class=\"telerik-reTableEvenCol-1\" align=\"center\">\u00a0Urban<\/td>\n<td class=\"telerik-reTableOddCol-1\" align=\"center\">\u00a0Both<\/td>\n<td class=\"telerik-reTableEvenCol-1\" align=\"center\">\u00a0Heterogeneous<\/td>\n<td class=\"telerik-reTableLastCol-1\" align=\"center\">\u00a050<\/td>\n<\/tr>\n<tr class=\"telerik-reTableEvenRow-1\">\n<td class=\"telerik-reTableFirstCol-1\" align=\"center\">\u00a0M7<\/td>\n<td class=\"telerik-reTableOddCol-1\" align=\"center\">\u00a02-700<\/td>\n<td class=\"telerik-reTableEvenCol-1\" align=\"center\">Rural<\/td>\n<td class=\"telerik-reTableOddCol-1\" align=\"center\">Morning<\/td>\n<td class=\"telerik-reTableEvenCol-1\" align=\"center\">\u00a0Homogeneous<\/td>\n<td class=\"telerik-reTableLastCol-1\" align=\"center\">\u00a050<\/td>\n<\/tr>\n<tr class=\"telerik-reTableEvenRow-1\">\n<td class=\"telerik-reTableFirstCol-1\" align=\"center\">\u00a0M8<\/td>\n<td class=\"telerik-reTableOddCol-1\" align=\"center\">\u00a02-700<\/td>\n<td class=\"telerik-reTableEvenCol-1\" align=\"center\">\u00a0Rural<\/td>\n<td class=\"telerik-reTableOddCol-1\" align=\"center\">\u00a0Morning<\/td>\n<td class=\"telerik-reTableEvenCol-1\" align=\"center\">\u00a0Heterogeneous<\/td>\n<td class=\"telerik-reTableLastCol-1\" align=\"center\">\u00a050<\/td>\n<\/tr>\n<tr class=\"telerik-reTableEvenRow-1\">\n<td class=\"telerik-reTableFirstCol-1\" align=\"center\">\u00a0M9<\/td>\n<td class=\"telerik-reTableOddCol-1\" align=\"center\">\u00a02-700<\/td>\n<td class=\"telerik-reTableEvenCol-1\" align=\"center\">\u00a0Rural<\/td>\n<td class=\"telerik-reTableOddCol-1\" align=\"center\">Afternoon<\/td>\n<td class=\"telerik-reTableEvenCol-1\" align=\"center\">\u00a0Homogeneous<\/td>\n<td class=\"telerik-reTableLastCol-1\" align=\"center\">\u00a050<\/td>\n<\/tr>\n<tr class=\"telerik-reTableEvenRow-1\">\n<td class=\"telerik-reTableFirstCol-1\" align=\"center\">\u00a0M10<\/td>\n<td class=\"telerik-reTableOddCol-1\" align=\"center\">\u00a02-700<\/td>\n<td class=\"telerik-reTableEvenCol-1\" align=\"center\">\u00a0Rural<\/td>\n<td class=\"telerik-reTableOddCol-1\" align=\"center\">Afternoon<\/td>\n<td class=\"telerik-reTableEvenCol-1\" align=\"center\">\u00a0Heterogeneous<\/td>\n<td class=\"telerik-reTableLastCol-1\" align=\"center\">\u00a050<\/td>\n<\/tr>\n<tr class=\"telerik-reTableEvenRow-1\">\n<td class=\"telerik-reTableFirstCol-1\" align=\"center\">\u00a0M11<\/td>\n<td class=\"telerik-reTableOddCol-1\" align=\"center\">\u00a02-700<\/td>\n<td class=\"telerik-reTableEvenCol-1\" align=\"center\">\u00a0Rural<\/td>\n<td class=\"telerik-reTableOddCol-1\" align=\"center\">Both<\/td>\n<td class=\"telerik-reTableEvenCol-1\" align=\"center\">\u00a0Homogeneous<\/td>\n<td class=\"telerik-reTableLastCol-1\" align=\"center\">\u00a050<\/td>\n<\/tr>\n<tr class=\"telerik-reTableEvenRow-1\">\n<td class=\"telerik-reTableFirstCol-1\" align=\"center\">\u00a0M12<\/td>\n<td class=\"telerik-reTableOddCol-1\" align=\"center\">\u00a02-700<\/td>\n<td class=\"telerik-reTableEvenCol-1\" align=\"center\">\u00a0Rural<\/td>\n<td class=\"telerik-reTableOddCol-1\" align=\"center\">\u00a0Both<\/td>\n<td class=\"telerik-reTableEvenCol-1\" align=\"center\">\u00a0Heterogeneous<\/td>\n<td class=\"telerik-reTableLastCol-1\" align=\"center\">\u00a050<\/td>\n<\/tr>\n<tr class=\"telerik-reTableFooterRow-1\">\n<td class=\"telerik-reTableFooterFirstCol-1\" align=\"center\">\u00a0UAEM1<\/td>\n<td class=\"telerik-reTableFooterOddCol-1\" align=\"center\">\u00a01<\/td>\n<td class=\"telerik-reTableFooterEvenCol-1\" align=\"center\">Urban<\/td>\n<td class=\"telerik-reTableFooterOddCol-1\" align=\"center\">\u00a0Morning<\/td>\n<td class=\"telerik-reTableFooterEvenCol-1\" align=\"center\">\u00a0Homogeneous<\/td>\n<td class=\"telerik-reTableFooterLastCol-1\" align=\"center\">1<\/td>\n<\/tr>\n<tr class=\"telerik-reTableFooterRow-1\">\n<td class=\"telerik-reTableFooterFirstCol-1\" align=\"center\">\u00a0UAEM2<\/td>\n<td class=\"telerik-reTableFooterOddCol-1\" align=\"center\">\u00a01<\/td>\n<td class=\"telerik-reTableFooterEvenCol-1\" align=\"center\">\u00a0Urban<\/td>\n<td class=\"telerik-reTableFooterOddCol-1\" align=\"center\">\u00a0Afternoon<\/td>\n<td class=\"telerik-reTableFooterEvenCol-1\" align=\"center\">\u00a0Homogeneous<\/td>\n<td class=\"telerik-reTableFooterLastCol-1\" align=\"center\">1<\/td>\n<\/tr>\n<\/tbody>\n<\/table>\n<p>&#8212;&#8212;&#8212;&#8212;&#8212;&#8212;&#8212;&#8212;&#8212;&#8212;&#8212;&#8212;&#8212;&#8212;&#8212;&#8212;&#8212;&#8212;&#8212;&#8212;&#8212;&#8212;&#8212;&#8212;&#8212;&#8212;&#8212;&#8212;&#8212;&#8212;&#8212;&#8212;&#8212;&#8212;&#8212;&#8212;<\/p>\n<\/div>\n<\/div>\n<div>\n<div>\n<div id=\"clustrmaps-widget\"><\/div>\n<div data-wst-duda=\"hide\"><span id=\"dateTimeStamp1\">Monday, February 5, 2018 12:34 AM<\/span><\/div>\n<\/div>\n<div><\/div>\n<\/div>\n<\/div>\n<\/div>\n<\/div>\n","protected":false},"excerpt":{"rendered":"<p>SBRPLIB School Bus Routing Problem Library-SBRPLIB The School Bus Routing Problem Library-SBRPLIB is a depository of test instances of the School Bus<\/p>\n<p class=\"link-more\"><a class=\"myButt \" href=\"http:\/\/www.ruizdiaz.com.mx\/site\/diazparra\/?page_id=84\">Read More<\/a><\/p>\n","protected":false},"author":1,"featured_media":0,"parent":0,"menu_order":0,"comment_status":"closed","ping_status":"closed","template":"","meta":{"footnotes":""},"class_list":["post-84","page","type-page","status-publish","hentry"],"_links":{"self":[{"href":"http:\/\/www.ruizdiaz.com.mx\/site\/diazparra\/index.php?rest_route=\/wp\/v2\/pages\/84","targetHints":{"allow":["GET"]}}],"collection":[{"href":"http:\/\/www.ruizdiaz.com.mx\/site\/diazparra\/index.php?rest_route=\/wp\/v2\/pages"}],"about":[{"href":"http:\/\/www.ruizdiaz.com.mx\/site\/diazparra\/index.php?rest_route=\/wp\/v2\/types\/page"}],"author":[{"embeddable":true,"href":"http:\/\/www.ruizdiaz.com.mx\/site\/diazparra\/index.php?rest_route=\/wp\/v2\/users\/1"}],"replies":[{"embeddable":true,"href":"http:\/\/www.ruizdiaz.com.mx\/site\/diazparra\/index.php?rest_route=%2Fwp%2Fv2%2Fcomments&post=84"}],"version-history":[{"count":3,"href":"http:\/\/www.ruizdiaz.com.mx\/site\/diazparra\/index.php?rest_route=\/wp\/v2\/pages\/84\/revisions"}],"predecessor-version":[{"id":112,"href":"http:\/\/www.ruizdiaz.com.mx\/site\/diazparra\/index.php?rest_route=\/wp\/v2\/pages\/84\/revisions\/112"}],"wp:attachment":[{"href":"http:\/\/www.ruizdiaz.com.mx\/site\/diazparra\/index.php?rest_route=%2Fwp%2Fv2%2Fmedia&parent=84"}],"curies":[{"name":"wp","href":"https:\/\/api.w.org\/{rel}","templated":true}]}}