{"id":19,"date":"2018-02-05T05:23:58","date_gmt":"2018-02-05T05:23:58","guid":{"rendered":"http:\/\/www.ruizdiaz.com.mx\/site\/ruizvanoye\/?page_id=19"},"modified":"2018-02-19T20:57:42","modified_gmt":"2018-02-19T20:57:42","slug":"resume","status":"publish","type":"page","link":"http:\/\/www.ruizdiaz.com.mx\/site\/ruizvanoye\/resume\/","title":{"rendered":"Resume"},"content":{"rendered":"<table width=\"621\">\n<tbody>\n<tr>\n<td width=\"621\"><strong>EDUCACI\u00d3N<\/strong><\/td>\n<\/tr>\n<tr>\n<td width=\"621\">Doctor en Ciencias Computacionales. 2004-2008. CENTRO DE INVESTIGACI\u00d3N Y DESARROLLO TECNOLOGICO (<a href=\"http:\/\/www.cenidet.edu.mx\/\">CENIDET<\/a>).<\/td>\n<\/tr>\n<tr>\n<td width=\"621\">Master en administraci\u00f3n de tecnolog\u00edas de Informaci\u00f3n. 2000-2002. TEC DE MONTERREY CAMPUS MORELOS (<a href=\"http:\/\/www.itesm.mx\">ITESM<\/a>).<\/td>\n<\/tr>\n<tr>\n<td width=\"621\">Ingeniero en Sistemas Computacionales. 1993-1998. INSTITUTO TECNOLOGICO DE VERACRUZ (<a href=\"http:\/\/www.itver.edu.mx\/\">ITV<\/a>).<\/td>\n<\/tr>\n<\/tbody>\n<\/table>\n<p>&nbsp;<\/p>\n<table width=\"650\">\n<tbody>\n<tr>\n<td width=\"555\"><strong>EXPERIENCIA DOCENTE Y PROFESIONAL<\/strong><\/td>\n<td width=\"94\"><strong>A\u00d1O<\/strong><\/td>\n<\/tr>\n<tr>\n<td width=\"555\">CENESCO DE VERACRUZ\u00a0 S.A. Veracruz, Ver.<\/td>\n<td width=\"94\">1997-1998<\/td>\n<\/tr>\n<tr>\n<td width=\"555\">ESCUELA PREPATORIA MULTISERVICIOS TECNOLOGICOS. Veracruz, Ver.<\/td>\n<td width=\"94\">1996-1998<\/td>\n<\/tr>\n<tr>\n<td width=\"555\">SINDICATO NACIONAL DE TRABAJADORES DE LA EDUCACI\u00d3N. DELEGACI\u00d3N D-II-25 SECCION XXXII DEL\u00a0 I.T.V. Veracruz, Ver.<\/td>\n<td width=\"94\">1996<\/td>\n<\/tr>\n<tr>\n<td width=\"555\">INSTITUTO DE INVESTIGACIONES ELECTRICAS (IIE). Cuernavaca, Mor.<\/td>\n<td width=\"94\">2002-2004<\/td>\n<\/tr>\n<tr>\n<td width=\"555\">Gobierno del Estado de Hidalgo. Hidalgo.<\/td>\n<td width=\"94\">2009<\/td>\n<\/tr>\n<tr>\n<td width=\"555\">CONACYT. Mexico D.F.<\/td>\n<td width=\"94\">2009-2010<\/td>\n<\/tr>\n<tr>\n<td width=\"555\">Editorial Acad\u00e9mica Drag\u00f3n Azteca, S. de R.L. de C.V., Cuernavaca Morelos.<\/td>\n<td width=\"94\">2010-2012<\/p>\n<p>2015-TO NOW<\/td>\n<\/tr>\n<tr>\n<td width=\"555\">ESCUELA PREPATORIA MULTISERVICIOS TECNOLOGICOS. Veracruz, Ver.<\/td>\n<td width=\"94\">2006-2008<\/td>\n<\/tr>\n<tr>\n<td width=\"555\">UNIVERSIDAD DEL VALLE DE CUERNAVACA (UNIVAC).<\/td>\n<td width=\"94\">2002-2004<\/td>\n<\/tr>\n<tr>\n<td width=\"555\">UNIVERSIDAD DEL VALLE DE MEXICO CAMPUS CUERNAVACA (UVM).<\/td>\n<td width=\"94\">2006-2008<\/td>\n<\/tr>\n<tr>\n<td width=\"555\">UNIVERSIDAD INTERAMERICANA PARA EL DESARROLLO. UNID DEL CONSORCIO ANAHUAC.<\/td>\n<td width=\"94\">2006<\/td>\n<\/tr>\n<tr>\n<td width=\"555\">UNIVERSIDAD AUTONOMA DEL ESTADO DE MORELOS (UAEM).<\/td>\n<td width=\"94\">2004-2007, 2010-2011<\/td>\n<\/tr>\n<tr>\n<td width=\"555\">UNIVERSIDAD POLITECNICA DEL ESTADO DE MORELOS (UPEMOR).<\/td>\n<td width=\"94\">2004-2007<\/td>\n<\/tr>\n<tr>\n<td width=\"555\">UNIVERSIDAD DEL SOL.<\/td>\n<td width=\"94\">2010-2011<\/td>\n<\/tr>\n<tr>\n<td width=\"555\">UNIVERSIDAD POPULAR AUTONOMA DE PUEBLA (UPAEP). Centro Interdisciplinario de Posgrados, Investigaci\u00f3n y Consultor\u00eda.<\/td>\n<td width=\"94\">2010-2013<\/p>\n<p>2015-TO NOW<\/td>\n<\/tr>\n<tr>\n<td width=\"555\">UNIVERSIDAD AT\u00d3NOMA DEL CARMEN (UNACAR).<\/td>\n<td width=\"94\">2012-2014<\/td>\n<\/tr>\n<tr>\n<td width=\"555\">UNIVERSIDAD AUT\u00d3NOMA DEL ESTADO DE HIDALGO (UAEH).<\/td>\n<td width=\"94\">2015-TO NOW<\/td>\n<\/tr>\n<\/tbody>\n<\/table>\n<p>&nbsp;<\/p>\n<table width=\"650\">\n<tbody>\n<tr>\n<td width=\"650\"><strong>DISTINCIONES<\/strong><\/td>\n<\/tr>\n<tr>\n<td width=\"650\">Becario de la Fundaci\u00f3n Telmex 2006-2008.<\/td>\n<\/tr>\n<tr>\n<td width=\"650\">Docente Excelente 2008 Universidad del Valle de M\u00e9xico 2008.<\/td>\n<\/tr>\n<tr>\n<td width=\"650\">Miembro de la Red latinoamericana de Divulgaci\u00f3n.<\/td>\n<\/tr>\n<tr>\n<td width=\"650\">Miembro de la International Association of Engineers (IAENG) Society of Software Engineering.<\/td>\n<\/tr>\n<tr>\n<td width=\"650\">Miembro de la International Association of Engineers (IAENG) Society of Operations Research.<\/td>\n<\/tr>\n<tr>\n<td width=\"650\">Miembro de la International Association of Engineers (IAENG) Society of Information System Engineering.<\/td>\n<\/tr>\n<tr>\n<td width=\"650\">Miembro de la International Association of Engineers (IAENG) Society of Computer Science 2009.<\/td>\n<\/tr>\n<tr>\n<td width=\"650\">Miembro del Padr\u00f3n Estatal de Investigadores del gobierno de Tabasco 2009-2010.<\/td>\n<\/tr>\n<tr>\n<td width=\"650\">Miembro del Institute of Advanced Scientific Research (IASR) 2009, 2010.<\/td>\n<\/tr>\n<tr>\n<td width=\"650\">Miembro del grupo de trabajo de la <a href=\"http:\/\/www.ifip.org\/\">International Federation for Information Processing<\/a> (<a href=\"http:\/\/www.ifiptc11.org\/\">IFIP-TC11<\/a>). <a href=\"http:\/\/www.cisnr.org\/ifip\/\">Working Group 1<\/a> &#8211; Information Security Management, 2009, 2010.<\/td>\n<\/tr>\n<tr>\n<td width=\"650\">Miembro de la Advanced Institute of Convergence IT (AICIT).<\/td>\n<\/tr>\n<tr>\n<td width=\"650\">Becario de la Direcci\u00f3n General de Educaci\u00f3n Superior y Tecnol\u00f3gica (2004-2008).<\/td>\n<\/tr>\n<tr>\n<td width=\"650\">Miembro de la International Society for Environmental Information Sciences. 2011-toNow<\/td>\n<\/tr>\n<tr>\n<td width=\"650\">Miembro del grupo de trabajo de la EURO Working Group on Vehicle Routing and Logistics Optimization (VeRoLog).<\/td>\n<\/tr>\n<tr>\n<td width=\"650\">Miembro del Sistema Estatal de Investigadores de Tabasco 2009.<\/td>\n<\/tr>\n<tr>\n<td width=\"650\">Investigador Nacional Nivel I (SNI I). 2013-2015.<\/td>\n<\/tr>\n<tr>\n<td width=\"650\">Perfil PROMEP deseable para profesores de tiempo completo (July 2013-July 2016, 2017-2019)<\/td>\n<\/tr>\n<tr>\n<td width=\"650\">Certificaci\u00f3n Acad\u00e9mica en Inform\u00e1tica Administrativa (2013-2016, 2017-2019).<\/td>\n<\/tr>\n<tr>\n<td width=\"650\">Who&#8217;s Who in the World 2013 -30th Edition.<\/td>\n<\/tr>\n<tr>\n<td width=\"650\">Miembro de la Machine Intelligence Research Labs (MIR Labs).<\/td>\n<\/tr>\n<tr>\n<td width=\"650\">Miembro de la Sociedad Mexicana de Investigaci\u00f3n de Operaciones-SMIO (2016).<\/td>\n<\/tr>\n<tr>\n<td width=\"650\">Red Tem\u00e1tica de CONACYT de Inteligencia Computacional Aplicada (2017)<\/td>\n<\/tr>\n<tr>\n<td width=\"650\">Investigador Nacional Nivel I (SNI I). 2016-2019.<\/td>\n<\/tr>\n<\/tbody>\n<\/table>\n<p>&nbsp;<\/p>\n<p>&nbsp;<\/p>\n<p><strong>FORMACION DE RECURSOS HUMANOS<\/strong><\/p>\n<p><strong>\u00a0<\/strong><\/p>\n<table>\n<tbody>\n<tr>\n<td><strong>ORGANIZACI\u00d3N<\/strong><\/td>\n<td><strong>NIVEL DE ESTUDIOS IMPARTIDO<\/strong><\/td>\n<td><strong>NOMBRE PROGRAMA<\/strong><\/td>\n<td><strong>CURSO O ASIGNATURA IMPARTIDA<\/strong><\/td>\n<td><strong>PER\u00cdODO<\/strong><\/td>\n<\/tr>\n<tr>\n<td>UNIVERSIDAD AUTONOMA DEL ESTADO DE HIDALGO<\/td>\n<td>LICENCIATURA<\/td>\n<td>Ingenier\u00eda de Software<\/td>\n<td>Proyectos Profesionales de Software<\/td>\n<td>08\/22\/2017<\/p>\n<p>12\/09\/2017<\/td>\n<\/tr>\n<tr>\n<td>UNIVERSIDAD AUTONOMA DEL ESTADO DE HIDALGO<\/td>\n<td>LICENCIATURA<\/td>\n<td>Ingenier\u00eda de Software<\/td>\n<td>Introducci\u00f3n a la Ingenier\u00eda de Software<\/td>\n<td>08\/22\/2017<\/p>\n<p>12\/09\/2017<\/td>\n<\/tr>\n<tr>\n<td>UNIVERSIDAD AUTONOMA DEL ESTADO DE HIDALGO<\/td>\n<td>LICENCIATURA<\/td>\n<td>Ingenier\u00eda de Software<\/td>\n<td>Programaci\u00f3n Visual<\/td>\n<td>01\/04\/2017<\/p>\n<p>07\/29\/2017<\/td>\n<\/tr>\n<tr>\n<td>UNIVERSIDAD AUTONOMA DEL ESTADO DE HIDALGO<\/td>\n<td>LICENCIATURA<\/td>\n<td>Ingenier\u00eda de Software<\/td>\n<td>Introducci\u00f3n a la Ingenier\u00eda de Software<\/td>\n<td>01\/04\/2017<\/p>\n<p>07\/29\/2017<\/td>\n<\/tr>\n<tr>\n<td>UNIVERSIDAD AUTONOMA DEL ESTADO DE HIDALGO<\/td>\n<td>LICENCIATURA<\/td>\n<td>Ingenier\u00eda de Software<\/td>\n<td>Programaci\u00f3n Visual<\/td>\n<td>08\/22\/2016<\/p>\n<p>12\/09\/2016<\/td>\n<\/tr>\n<tr>\n<td>UNIVERSIDAD AUTONOMA DEL ESTADO DE HIDALGO<\/td>\n<td>LICENCIATURA<\/td>\n<td>Ingenier\u00eda de Software<\/td>\n<td>Introducci\u00f3n a la Ingenier\u00eda de Software<\/td>\n<td>08\/22\/2016<\/p>\n<p>12\/09\/2016<\/td>\n<\/tr>\n<tr>\n<td>UNIVERSIDAD AUTONOMA DEL ESTADO DE HIDALGO<\/td>\n<td>LICENCIATURA<\/td>\n<td>Ingenier\u00eda de Software<\/td>\n<td>Programaci\u00f3n Visual<\/td>\n<td>01\/04\/2016<\/p>\n<p>07\/29\/2016<\/td>\n<\/tr>\n<tr>\n<td>UNIVERSIDAD AUTONOMA DEL ESTADO DE HIDALGO<\/td>\n<td>LICENCIATURA<\/td>\n<td>Ingenier\u00eda de Software<\/td>\n<td>Introducci\u00f3n a la Ingenier\u00eda de Software<\/td>\n<td>01\/04\/2016<\/p>\n<p>07\/29\/2016<\/td>\n<\/tr>\n<tr>\n<td>UNIVERSIDAD AUTONOMA DEL ESTADO DE HIDALGO<\/td>\n<td>LICENCIATURA<\/td>\n<td>Ingenier\u00eda de Software<\/td>\n<td>An\u00e1lisis y Dise\u00f1o de Software<\/td>\n<td>07\/06\/2015<\/p>\n<p>12\/18\/2015<\/td>\n<\/tr>\n<tr>\n<td>UNIVERSIDAD AUTONOMA DEL ESTADO DE HIDALGO<\/td>\n<td>LICENCIATURA<\/td>\n<td>Ingenier\u00eda de Software<\/td>\n<td>Introducci\u00f3n a la Ingenier\u00eda de Software<\/td>\n<td>07\/06\/2015<\/p>\n<p>12\/18\/2015<\/td>\n<\/tr>\n<tr>\n<td>UNIVERSIDAD AUTONOMA DEL ESTADO DE HIDALGO<\/td>\n<td>LICENCIATURA<\/td>\n<td>Sistemas Computacionales<\/td>\n<td>Protocolos<\/td>\n<td>06\/01\/2015<\/p>\n<p>06\/30\/2015<\/td>\n<\/tr>\n<tr>\n<td>UNIVERSIDAD AUTONOMA DEL ESTADO DE HIDALGO<\/td>\n<td>LICENCIATURA<\/td>\n<td>Ingenier\u00eda de Software<\/td>\n<td>Fundamentos de Programaci\u00f3n<\/td>\n<td>01\/05\/2015<\/p>\n<p>10\/23\/2015<\/td>\n<\/tr>\n<tr>\n<td>UNIVERSIDAD AUTONOMA DEL ESTADO DE HIDALGO<\/td>\n<td>LICENCIATURA<\/td>\n<td>Sistemas Computacionales<\/td>\n<td>Protocolos<\/td>\n<td>01\/05\/2015<\/p>\n<p>06\/26\/2015<\/td>\n<\/tr>\n<tr>\n<td>UNIVERSIDAD AUTONOMA DEL CARMEN<\/td>\n<td>LICENCIATURA<\/td>\n<td>Sistemas Computacionales<\/td>\n<td>Seminario de Tesis<\/td>\n<td>02\/03\/2014<\/p>\n<p>06\/30\/2014<\/td>\n<\/tr>\n<tr>\n<td>UNIVERSIDAD AUTONOMA DEL CARMEN<\/td>\n<td>LICENCIATURA<\/td>\n<td>Sistemas Computacionales<\/td>\n<td>Dise\u00f1o de Sistemas Operativos<\/td>\n<td>02\/03\/2014<\/p>\n<p>06\/30\/2014<\/td>\n<\/tr>\n<tr>\n<td>UNIVERSIDAD AUTONOMA DEL CARMEN<\/td>\n<td>LICENCIATURA<\/td>\n<td>Sistemas Computacionales<\/td>\n<td>Inteligencia Artificial<\/td>\n<td>06\/02\/2014<\/p>\n<p>07\/31\/2014<\/td>\n<\/tr>\n<tr>\n<td>UNIVERSIDAD POPULAR AUTONOMA DEL ESTADO DE PUEBLA AC<\/td>\n<td>DOCTORADO<\/td>\n<td>Planeaci\u00f3n Estrat\u00e9gica y Direcci\u00f3n de Tecnolog\u00eda<\/td>\n<td>Tesis 2<\/td>\n<td>01\/06\/2014<\/p>\n<p>07\/31\/2014<\/td>\n<\/tr>\n<tr>\n<td>UNIVERSIDAD POPULAR AUTONOMA DEL ESTADO DE PUEBLA AC<\/td>\n<td>DOCTORADO<\/td>\n<td>Planeaci\u00f3n Estrat\u00e9gica y Direcci\u00f3n de Tecnolog\u00eda<\/td>\n<td>Tesis 1<\/td>\n<td>08\/05\/2013<\/p>\n<p>12\/20\/2013<\/td>\n<\/tr>\n<tr>\n<td>UNIVERSIDAD AUTONOMA DEL CARMEN<\/td>\n<td>LICENCIATURA<\/td>\n<td>Computaci\u00f3n<\/td>\n<td>Empresas y Proyectos Inform\u00e1ticos<\/td>\n<td>08\/12\/2013<\/p>\n<p>12\/20\/2013<\/td>\n<\/tr>\n<tr>\n<td>UNIVERSIDAD AUTONOMA DEL CARMEN<\/td>\n<td>LICENCIATURA<\/td>\n<td>Sistemas Computacionales<\/td>\n<td>Seminario de Tesis<\/td>\n<td>08\/12\/2013<\/p>\n<p>12\/20\/2013<\/td>\n<\/tr>\n<tr>\n<td>UNIVERSIDAD AUTONOMA DEL CARMEN<\/td>\n<td>LICENCIATURA<\/td>\n<td>Sistemas Computacionales<\/td>\n<td>Compiladores<\/td>\n<td>08\/12\/2013<\/p>\n<p>12\/20\/2013<\/td>\n<\/tr>\n<tr>\n<td>UNIVERSIDAD AUTONOMA DEL CARMEN<\/td>\n<td>LICENCIATURA<\/td>\n<td>Sistemas Computacionales<\/td>\n<td>Seminario de Tesis<\/td>\n<td>02\/11\/2013<\/p>\n<p>06\/28\/2013<\/td>\n<\/tr>\n<tr>\n<td>UNIVERSIDAD AUTONOMA DEL CARMEN<\/td>\n<td>LICENCIATURA<\/td>\n<td>Sistemas Computacionales<\/td>\n<td>Emulaci\u00f3n de Perif\u00e9ricos<\/td>\n<td>02\/11\/2013<\/p>\n<p>06\/28\/2013<\/td>\n<\/tr>\n<tr>\n<td>UNIVERSIDAD AUTONOMA DEL CARMEN<\/td>\n<td>LICENCIATURA<\/td>\n<td>Sistemas Computacionales<\/td>\n<td>Programaci\u00f3n orientada a objetos para la ingenier\u00eda<\/td>\n<td>01\/07\/2013<\/p>\n<p>02\/04\/2013<\/td>\n<\/tr>\n<tr>\n<td>UNIVERSIDAD AUTONOMA DEL CARMEN<\/td>\n<td>LICENCIATURA<\/td>\n<td>Sistemas Computacionales<\/td>\n<td>Dise\u00f1o de Sistemas Operativos<\/td>\n<td>08\/06\/2012<\/p>\n<p>12\/14\/2012<\/td>\n<\/tr>\n<tr>\n<td>UNIVERSIDAD AUTONOMA DEL CARMEN<\/td>\n<td>LICENCIATURA<\/td>\n<td>Sistemas Computacionales<\/td>\n<td>Telem\u00e1tica<\/td>\n<td>02\/03\/2012<\/p>\n<p>06\/29\/2012<\/td>\n<\/tr>\n<tr>\n<td>UNIVERSIDAD AUTONOMA DEL CARMEN<\/td>\n<td>LICENCIATURA<\/td>\n<td>Sistemas Computacionales<\/td>\n<td>Teor\u00eda de los Sistemas Operativos<\/td>\n<td>02\/03\/2012<\/p>\n<p>06\/29\/2012<\/td>\n<\/tr>\n<tr>\n<td>UNIVERSIDAD AUTONOMA DEL CARMEN<\/td>\n<td>LICENCIATURA<\/td>\n<td>Sistemas Computacionales<\/td>\n<td>Sistemas Distribuidos<\/td>\n<td>02\/03\/2012<\/p>\n<p>06\/29\/2012<\/td>\n<\/tr>\n<tr>\n<td>UNIVERSIDAD AUTONOMA DEL CARMEN<\/td>\n<td>LICENCIATURA<\/td>\n<td>Sistemas Computacionales<\/td>\n<td>Laboratorio de Aplicaciones Cliente Servidor<\/td>\n<td>02\/06\/2012<\/p>\n<p>06\/29\/2012<\/p>\n<p>&nbsp;<\/td>\n<\/tr>\n<tr>\n<td>UNIVERSIDAD AUTONOMA DEL CARMEN<\/td>\n<td>LICENCIATURA<\/td>\n<td>Sistemas Computacionales<\/td>\n<td>Sistemas Operativos II<\/td>\n<td>08\/05\/2012<\/p>\n<p>12\/20\/2012<\/td>\n<\/tr>\n<tr>\n<td>UNIVERSIDAD POPULAR AUTONOMA DEL ESTADO DE PUEBLA AC<\/td>\n<td>DOCTORADO<\/td>\n<td>Planeaci\u00f3n Estrat\u00e9gica y Direcci\u00f3n de Tecnolog\u00eda<\/td>\n<td>Tesis Doctoral 2<\/td>\n<td>08\/01\/2011<\/p>\n<p>12\/20\/2011<\/td>\n<\/tr>\n<tr>\n<td>UNIVERSIDAD POPULAR AUTONOMA DEL ESTADO DE PUEBLA AC<\/td>\n<td>DOCTORADO<\/td>\n<td>Planeaci\u00f3n Estrat\u00e9gica y Direcci\u00f3n de Tecnolog\u00eda<\/td>\n<td>Tesis Doctoral 1<\/td>\n<td>01\/03\/2011<\/p>\n<p>07\/01\/2011<\/td>\n<\/tr>\n<tr>\n<td>UNIVERSIDAD AUTONOMA DEL ESTADO DE MORELOS<\/td>\n<td>LICENCIATURA<\/td>\n<td>Facultad de Ciencias<\/td>\n<td>Lenguajes y Compiladores<\/td>\n<td>02\/05\/2007<\/p>\n<p>08\/31\/2007<\/td>\n<\/tr>\n<tr>\n<td>UNIVERSIDAD POLITECNICA DEL ESTADO DE MORELOS<\/td>\n<td>LICENCIATURA<\/td>\n<td>Inform\u00e1tica<\/td>\n<td>Comercio Electr\u00f3nico<\/td>\n<td>05\/02\/2007<\/p>\n<p>08\/11\/2007<\/td>\n<\/tr>\n<tr>\n<td>UNIVERSIDAD POLITECNICA DEL ESTADO DE MORELOS<\/td>\n<td>LICENCIATURA<\/td>\n<td>Inform\u00e1tica<\/td>\n<td>Sistemas Operativos I<\/td>\n<td>01\/02\/2007<\/p>\n<p>04\/13\/2007<\/td>\n<\/tr>\n<tr>\n<td>UNIVERSIDAD POLITECNICA DEL ESTADO DE MORELOS<\/td>\n<td>LICENCIATURA<\/td>\n<td>Inform\u00e1tica<\/td>\n<td>Comercio Electr\u00f3nico<\/td>\n<td>05\/02\/2006<\/p>\n<p>08\/12\/2006<\/td>\n<\/tr>\n<tr>\n<td>UNIVERSIDAD POLITECNICA DEL ESTADO DE MORELOS<\/td>\n<td>LICENCIATURA<\/td>\n<td>Inform\u00e1tica<\/td>\n<td>Estad\u00eda T\u00f3picos de L\u00f3gica de Programaci\u00f3n<\/td>\n<td>05\/02\/2006<\/p>\n<p>08\/12\/2006<\/td>\n<\/tr>\n<tr>\n<td>UNIVERSIDAD POLITECNICA DEL ESTADO DE MORELOS<\/td>\n<td>LICENCIATURA<\/td>\n<td>Inform\u00e1tica<\/td>\n<td>Estad\u00eda II<\/td>\n<td>01\/02\/2006<\/p>\n<p>04\/12\/2006<\/td>\n<\/tr>\n<tr>\n<td>UNIVERSIDAD POLITECNICA DEL ESTADO DE MORELOS<\/td>\n<td>LICENCIATURA<\/td>\n<td>Inform\u00e1tica<\/td>\n<td>Capacitaci\u00f3n y certificaci\u00f3n de Linux para profesores<\/td>\n<td>04\/10\/2006<\/p>\n<p>04\/28\/2006<\/td>\n<\/tr>\n<tr>\n<td>UNIVERSIDAD POLITECNICA DEL ESTADO DE MORELOS<\/td>\n<td>LICENCIATURA<\/td>\n<td>Inform\u00e1tica<\/td>\n<td>Sistemas Operativos II<\/td>\n<td>05\/16\/2005<\/p>\n<p>08\/26\/2005<\/td>\n<\/tr>\n<tr>\n<td>UNIVERSIDAD POLITECNICA DEL ESTADO DE MORELOS<\/td>\n<td>LICENCIATURA<\/td>\n<td>Inform\u00e1tica<\/td>\n<td>Estancia I<\/td>\n<td>10\/02\/2006<\/p>\n<p>12\/16\/2006<\/td>\n<\/tr>\n<tr>\n<td>UNIVERSIDAD POLITECNICA DEL ESTADO DE MORELOS<\/td>\n<td>LICENCIATURA<\/td>\n<td>Inform\u00e1tica<\/td>\n<td>Sistemas Operativos III<\/td>\n<td>09\/05\/2005<\/p>\n<p>12\/17\/2005<\/td>\n<\/tr>\n<tr>\n<td>UNIVERSIDAD POLITECNICA DEL ESTADO DE MORELOS<\/td>\n<td>LICENCIATURA<\/td>\n<td>Inform\u00e1tica<\/td>\n<td>Ingenier\u00eda de Software y Sistemas Operativos<\/td>\n<td>01\/24\/2005<\/p>\n<p>05\/06\/2005<\/td>\n<\/tr>\n<tr>\n<td>UNIVERSIDAD POLITECNICA DEL ESTADO DE MORELOS<\/td>\n<td>LICENCIATURA<\/td>\n<td>Inform\u00e1tica<\/td>\n<td>Estancia I<\/td>\n<td>09\/04\/2006<\/p>\n<p>09\/30\/2006<\/td>\n<\/tr>\n<tr>\n<td>UNIVERSIDAD AUTONOMA DEL ESTADO DE MORELOS<\/td>\n<td>LICENCIATURA<\/td>\n<td>Facultad de Ciencias<\/td>\n<td>Redes de Computadoras<\/td>\n<td>08\/11\/2006<\/p>\n<p>02\/09\/2007<\/td>\n<\/tr>\n<tr>\n<td>UNIVERSIDAD AUTONOMA DEL ESTADO DE MORELOS<\/td>\n<td>LICENCIATURA<\/td>\n<td>Facultad de Ciencias<\/td>\n<td>Sistemas Operativos<\/td>\n<td>02\/01\/2006<\/p>\n<p>07\/31\/2006<\/td>\n<\/tr>\n<tr>\n<td>UNIVERSIDAD AUTONOMA DEL ESTADO DE MORELOS<\/td>\n<td>LICENCIATURA<\/td>\n<td>Facultad de Ciencias<\/td>\n<td>Lenguajes y Compiladores<\/td>\n<td>08\/01\/2005<\/p>\n<p>01\/31\/2006<\/td>\n<\/tr>\n<tr>\n<td>UNIVERSIDAD AUTONOMA DEL ESTADO DE MORELOS<\/td>\n<td>LICENCIATURA<\/td>\n<td>Facultad de Ciencias<\/td>\n<td>Redes de Computadoras<\/td>\n<td>08\/01\/2005<\/p>\n<p>01\/31\/2006<\/p>\n<p>&nbsp;<\/td>\n<\/tr>\n<tr>\n<td>UNIVERSIDAD AUTONOMA DEL ESTADO DE MORELOS<\/td>\n<td>LICENCIATURA<\/td>\n<td>Facultad de Ciencias<\/td>\n<td>Simulaci\u00f3n<\/td>\n<td>02\/01\/2006<\/p>\n<p>07\/31\/2006<\/td>\n<\/tr>\n<tr>\n<td>UNIVERSIDAD DEL VALLE DE MEXICO SC<\/td>\n<td>LICENCIATURA<\/td>\n<td>Mecatr\u00f3nica. Plantel Cuernavaca<\/td>\n<td>Inform\u00e1tica I<\/td>\n<td>08\/14\/2006<\/p>\n<p>12\/16\/2006<\/td>\n<\/tr>\n<\/tbody>\n<\/table>\n<p>&nbsp;<\/p>\n<p>&nbsp;<\/p>\n<p><strong>Platicas Invitadas<\/strong><\/p>\n<table>\n<tbody>\n<tr>\n<td><strong>T\u00f3picos<\/strong><\/td>\n<td><strong>Instituci\u00f3n<\/strong><\/td>\n<td><strong>Fecha<\/strong><\/td>\n<\/tr>\n<tr>\n<td>Taller informativo del Sistema Nacional de Investigadores (SNI).<\/td>\n<td>Universidad Polit\u00e9cnica del Estado de Morelos. Jiutepec, Morelos.<\/td>\n<td>16 de Febrero de 2017.<\/td>\n<\/tr>\n<tr>\n<td>Consejos para la redacci\u00f3n de art\u00edculos Cient\u00edficos de calidad<\/td>\n<td>9 Coloquio Interdisciplinario de Posgrado. Universidad Popular Aut\u00f3noma del Estado de Puebla.<\/td>\n<td>23 y 24 de Junio de 2016.<\/td>\n<\/tr>\n<tr>\n<td>Escritura de art\u00edculos cient\u00edficos.<\/td>\n<td>8 Coloquio Interdisciplinario de Posgrado. Universidad Popular Aut\u00f3noma del Estado de Puebla.<\/td>\n<td>25 y 26 de Junio de 2015.<\/td>\n<\/tr>\n<tr>\n<td>Taller de modelos matem\u00e1ticos e introducci\u00f3n al AIMMS.<\/td>\n<td>21a Semana Nacional de la Ciencia y Tecnolog\u00eda. CONACYT<\/td>\n<td>Octubre 2014<\/td>\n<\/tr>\n<tr>\n<td>Introducci\u00f3n a la Computaci\u00f3n Neurom\u00f3rfica<\/td>\n<td>Semana de la Ciencia y Tecnolog\u00eda del CONALEP<\/td>\n<td>27 Mayo 2014<\/td>\n<\/tr>\n<tr>\n<td>Introducci\u00f3n al C\u00f3mputo Cient\u00edfico<\/td>\n<td>Programa CONCIENCIA JOVEN, UNACAR.<\/td>\n<td>30 Octubre 2013<\/td>\n<\/tr>\n<tr>\n<td>Recomendaciones para la redacci\u00f3n de art\u00edculos en el SCI-expanded<\/td>\n<td>Semana de la Producci\u00f3n Cient\u00edfica 2013, CENIDET.<\/td>\n<td>25 Noviembre 2013<\/td>\n<\/tr>\n<tr>\n<td>Redes Neuronales para Pronosticar Zonas Muertas en el Mar<\/td>\n<td>20a Semana Nacional de la Ciencia y Tecnolog\u00eda. CONACYT y el Colegio de Educaci\u00f3n Profesional T\u00e9cnica del Estado de Campeche.<\/td>\n<td>30 Septiembre 2013<\/td>\n<\/tr>\n<tr>\n<td>Redacci\u00f3n de art\u00edculos para el Science Citation Index Expanded y Social Citation Index Expanded<\/td>\n<td>2a Semana de la Producci\u00f3n Cient\u00edfica 2012 del Centro Nacional de Investigaci\u00f3n y Desarrollo Tecnol\u00f3gico<\/td>\n<td>24 Octubre 2012<\/td>\n<\/tr>\n<tr>\n<td>Productos de Innovaci\u00f3n Tecnol\u00f3gica obtenidos de imitar la Naturaleza<\/td>\n<td>19a Semana Nacional de Ciencia y Tecnolog\u00eda. CONACYT.<\/td>\n<td>26 Septiembre 2012<\/td>\n<\/tr>\n<tr>\n<td>Similaridad entre la Biologia y los productos tecnol\u00f3gicos<\/td>\n<td>19a Semana Nacional de Ciencia y Tecnolog\u00eda. CONACYT.<\/td>\n<td>27 Septiembre 2012<\/td>\n<\/tr>\n<tr>\n<td>Algoritmos Bio-inspirados aplicados para la soluci\u00f3n de problemas dificiles de la industria<\/td>\n<td>XVII semana de Ciencia, Cultura, Deporte y Medio Ambiente-Campus Sabancuy. Universidad Aut\u00f3noma del Carmen.<\/td>\n<td>31 Mayo 2012<\/td>\n<\/tr>\n<tr>\n<td>Algoritmos bio-inspirados aplicados para la soluci\u00f3n de problemas dif\u00edciles en la vida<\/td>\n<td>1a Semana Interdisciplinaria de Ingenier\u00edas 2010. Instituto Tecnol\u00f3gico de Milpa Alta.<\/td>\n<td>20 Mayo 2010<\/td>\n<\/tr>\n<tr>\n<td>Sistemas de Informaci\u00f3n<\/td>\n<td>Primer Coloquio Nacional en Investigaci\u00f3n: Ciencias Administrativas y Contables. Universidad Aut\u00f3noma del Estado de Morelos. Facultad de Contadur\u00eda, Administraci\u00f3n e Inform\u00e1tica.<\/td>\n<td>2010<\/td>\n<\/tr>\n<tr>\n<td>Seguridad Inform\u00e1tica<\/td>\n<td>Convenci\u00f3n inform\u00e1tica de la Universidad Polit\u00e9cnica del Estado de Morelos 2008 (CIU 2008).<\/td>\n<td>16-18 Abril 2008.<\/td>\n<\/tr>\n<tr>\n<td>Una herramienta que genera soluciones a problemas NP<\/td>\n<td>Ciclo de Conferencias T\u00f3picos en Ciencias de la Computaci\u00f3n. Instituto Tecnol\u00f3gico de Veracruz Cap\u00edtulo Estudiantil de la IEEE Computer Society.<\/td>\n<td>15 de Noviembre de 2007<\/td>\n<\/tr>\n<tr>\n<td>Iniciativa hacia el desarrollo de un est\u00e1ndar de seguridad mexicano<\/td>\n<td>Ciclo de conferencias de la semana acad\u00e9mica de inform\u00e1tica.Facultad de Contadur\u00eda, administraci\u00f3n e inform\u00e1tica, Universidad Aut\u00f3noma del Estado de Morelos.<\/td>\n<td>6 de Junio de 2007<\/td>\n<\/tr>\n<\/tbody>\n<\/table>\n<p>&nbsp;<\/p>\n<p>&nbsp;<\/p>\n<p>&nbsp;<\/p>\n<p>&nbsp;<\/p>\n","protected":false},"excerpt":{"rendered":"<p>EDUCACI\u00d3N Doctor en Ciencias Computacionales. 2004-2008. CENTRO DE INVESTIGACI\u00d3N Y DESARROLLO TECNOLOGICO (CENIDET). Master en administraci\u00f3n de tecnolog\u00edas de Informaci\u00f3n.<\/p>\n<p><a href=\"http:\/\/www.ruizdiaz.com.mx\/site\/ruizvanoye\/resume\/\" class=\"more-link\">Continue reading<span class=\"screen-reader-text\">Resume<\/span><\/a><\/p>\n","protected":false},"author":1,"featured_media":0,"parent":0,"menu_order":0,"comment_status":"closed","ping_status":"closed","template":"","meta":{"footnotes":""},"class_list":["post-19","page","type-page","status-publish","hentry"],"_links":{"self":[{"href":"http:\/\/www.ruizdiaz.com.mx\/site\/ruizvanoye\/wp-json\/wp\/v2\/pages\/19","targetHints":{"allow":["GET"]}}],"collection":[{"href":"http:\/\/www.ruizdiaz.com.mx\/site\/ruizvanoye\/wp-json\/wp\/v2\/pages"}],"about":[{"href":"http:\/\/www.ruizdiaz.com.mx\/site\/ruizvanoye\/wp-json\/wp\/v2\/types\/page"}],"author":[{"embeddable":true,"href":"http:\/\/www.ruizdiaz.com.mx\/site\/ruizvanoye\/wp-json\/wp\/v2\/users\/1"}],"replies":[{"embeddable":true,"href":"http:\/\/www.ruizdiaz.com.mx\/site\/ruizvanoye\/wp-json\/wp\/v2\/comments?post=19"}],"version-history":[{"count":4,"href":"http:\/\/www.ruizdiaz.com.mx\/site\/ruizvanoye\/wp-json\/wp\/v2\/pages\/19\/revisions"}],"predecessor-version":[{"id":55,"href":"http:\/\/www.ruizdiaz.com.mx\/site\/ruizvanoye\/wp-json\/wp\/v2\/pages\/19\/revisions\/55"}],"wp:attachment":[{"href":"http:\/\/www.ruizdiaz.com.mx\/site\/ruizvanoye\/wp-json\/wp\/v2\/media?parent=19"}],"curies":[{"name":"wp","href":"https:\/\/api.w.org\/{rel}","templated":true}]}}